{"id":24,"date":"2022-02-20T17:38:15","date_gmt":"2022-02-20T17:38:15","guid":{"rendered":"https:\/\/poltinmerkki.com\/?page_id=24"},"modified":"2025-06-26T17:09:47","modified_gmt":"2025-06-26T17:09:47","slug":"tour","status":"publish","type":"page","link":"https:\/\/poltinmerkki.com\/fi\/tour\/","title":{"rendered":"KEIKAT"},"content":{"rendered":"<div data-elementor-type=\"wp-page\" data-elementor-id=\"24\" class=\"elementor elementor-24\">\n\t\t\t\t\t\t<section class=\"elementor-section elementor-top-section elementor-element elementor-element-2ba5ddf elementor-section-boxed elementor-section-height-default elementor-section-height-default\" data-id=\"2ba5ddf\" data-element_type=\"section\">\n\t\t\t\t\t\t<div class=\"elementor-container elementor-column-gap-default\">\n\t\t\t\t\t<div class=\"elementor-column elementor-col-100 elementor-top-column elementor-element elementor-element-d940dff\" data-id=\"d940dff\" data-element_type=\"column\">\n\t\t\t<div class=\"elementor-widget-wrap elementor-element-populated\">\n\t\t\t\t\t\t<div class=\"elementor-element elementor-element-9b6998f elementor-widget elementor-widget-text-editor\" data-id=\"9b6998f\" data-element_type=\"widget\" data-widget_type=\"text-editor.default\">\n\t\t\t\t<div class=\"elementor-widget-container\">\n\t\t\t<style>\/*! elementor - v3.22.0 - 26-06-2024 *\/\n.elementor-widget-text-editor.elementor-drop-cap-view-stacked .elementor-drop-cap{background-color:#69727d;color:#fff}.elementor-widget-text-editor.elementor-drop-cap-view-framed .elementor-drop-cap{color:#69727d;border:3px solid;background-color:transparent}.elementor-widget-text-editor:not(.elementor-drop-cap-view-default) .elementor-drop-cap{margin-top:8px}.elementor-widget-text-editor:not(.elementor-drop-cap-view-default) .elementor-drop-cap-letter{width:1em;height:1em}.elementor-widget-text-editor .elementor-drop-cap{float:left;text-align:center;line-height:1;font-size:50px}.elementor-widget-text-editor .elementor-drop-cap-letter{display:inline-block}<\/style>\t\t\t\t<p>\u00a0<\/p><table style=\"height: 1500px;\" width=\"599\"><tbody><tr><td data-align=\"left\">\u00a0<\/td><td>\u00a0<strong>PVM:<\/strong><\/td><td><strong>PAIKKA:<\/strong><\/td><td><strong>INFO\/LIPUT:<\/strong><\/td><\/tr><tr><td>\u00a0<\/td><td data-align=\"left\">\u00a0<\/td><td>\u00a0<\/td><td>\u00a0<\/td><\/tr><tr><td><strong>TULOSSA:\u00a0<\/strong><\/td><td data-align=\"left\"><del>21.11.2025<\/del><\/td><td><del>Veturitallit<\/del><br \/><del>Jyv\u00e4skyl\u00e4, FIN<\/del><\/td><td><del>Vapaa p\u00e4\u00e4sy<\/del><\/td><\/tr><tr><td>\u00a0<\/td><td>\u00a0<\/td><td>\u00a0<\/td><td>\u00a0<\/td><\/tr><tr><td>\u00a0<\/td><td>\u00a0<\/td><td>\u00a0<\/td><td>\u00a0<\/td><\/tr><tr><td><strong>MENNEET:<\/strong><\/td><td>14.2.2025<\/td><td>Club nArauti, Vilnus, LT<\/td><td>\u00a0<\/td><\/tr><tr><td>\u00a0<\/td><td>\u00a0<\/td><td>\u00a0<\/td><td>\u00a0<\/td><\/tr><tr><td>\u00a0<\/td><td>26.10.2024<\/td><td>Club Republika, Riika, LV<\/td><td>\u00a0<\/td><\/tr><tr><td>\u00a0<\/td><td>\u00a0<\/td><td>\u00a0<\/td><td>\u00a0<\/td><\/tr><tr><td>\u00a0<\/td><td><del>11.-13.11 2022<\/del><\/td><td><del>Meltdown retriitti, UK<\/del><\/td><td>\u00a0<\/td><\/tr><tr><td>\u00a0<\/td><td>\u00a0<\/td><td>\u00a0<\/td><td>\u00a0<\/td><\/tr><tr><td>\u00a0<\/td><td><del>30.7-1.8.2020<\/del><\/td><td><del>Rainbow rock SWE<\/del><\/td><td>\u00a0<\/td><\/tr><tr><td>\u00a0<\/td><td>\u00a0<\/td><td>\u00a0<\/td><td>\u00a0<\/td><\/tr><tr><td>\u00a0<\/td><td>1.-3.11.2019<\/td><td>Meltdown, UK<\/td><td>\u00a0<\/td><td>\u00a0<\/td><td>\u00a0<\/td><\/tr><tr><td>\u00a0<\/td><td>25.-27.7.2019<\/td><td>Rainbow rock Alfta, SWE<\/td><td>\u00a0<\/td><\/tr><tr><td>\u00a0<\/td><td>\u00a0<\/td><td>\u00a0<\/td><td>\u00a0<\/td><\/tr><tr><td>\u00a0<\/td><td>3.11.2018<\/td><td>Rock&#8217;n roll cafe, Lohja FIN<\/td><td>\u00a0<\/td><\/tr><tr><td>\u00a0<\/td><td>6.-7.4.2018<\/td><td>Rainbow rock, Sollentuna, SWE<\/td><td>\u00a0<\/td><\/tr><tr><td>\u00a0<\/td><td>\u00a0<\/td><td>\u00a0<\/td><td>\u00a0<\/td><\/tr><tr><td>\u00a0<\/td><td>23.4.2016<\/td><td>Immortal metal fest, Nokia, FIN<\/td><td>\u00a0<\/td><\/tr><tr><td>\u00a0<\/td><td>\u00a0<\/td><td>\u00a0<\/td><td>\u00a0<\/td><\/tr><tr><td>\u00a0<\/td><td>21.2.2015<\/td><td>Ylistaro, FIN<\/td><td>\u00a0<\/td><\/tr><tr><td>\u00a0<\/td><td>20.2.2015<\/td><td>Cafe Good Mood, Pieks\u00e4m\u00e4ki, FIN<\/td><td>\u00a0<\/td><\/tr><tr><td>\u00a0<\/td><td>\u00a0<\/td><td>\u00a0<\/td><td>\u00a0<\/td><\/tr><tr><td>\u00a0<\/td><td>7.7.2012<\/td><td>Swazifest, J\u00e4ms\u00e4, FIN<\/td><td>\u00a0<\/td><\/tr><tr><td>\u00a0<\/td><td>16.6.2012<\/td><td>Good Mood Stock, Pieks\u00e4m\u00e4ki, FIN<\/td><td>\u00a0<\/td><\/tr><tr><td>\u00a0<\/td><td>\u00a0<\/td><td>\u00a0<\/td><td>\u00a0<\/td><\/tr><tr><td>\u00a0<\/td><td>3.12.2011<\/td><td>Ylistaro, FIN<\/td><td>\u00a0<\/td><\/tr><tr><td>\u00a0<\/td><td>2.12.2011<\/td><td>Teetupa, J\u00e4ms\u00e4, FIN<\/td><td>\u00a0<\/td><\/tr><tr><td>\u00a0<\/td><td>6.5.2011<\/td><td>Teetupa, J\u00e4ms\u00e4, FIN<\/td><td>\u00a0<\/td><\/tr><tr><td>\u00a0<\/td><td>\u00a0<\/td><td>\u00a0<\/td><td>\u00a0<\/td><\/tr><tr><td>\u00a0<\/td><td>26.6.2010<\/td><td>Johannesfestari, Saaramaa, FIN<\/td><td>\u00a0<\/td><\/tr><tr><td>\u00a0<\/td><td>22.5.2010<\/td><td>Asema 9, Kuopio, FIN<\/td><td>\u00a0<\/td><\/tr><tr><td>\u00a0<\/td><td>\u00a0<\/td><td>\u00a0<\/td><td>\u00a0<\/td><\/tr><tr><td>\u00a0<\/td><td>5.12.2009<\/td><td>Vapisklubi, Helsinki, FIN<\/td><td>\u00a0<\/td><\/tr><tr><td>\u00a0<\/td><td>20.11.2009<\/td><td>Teetupa, J\u00e4ms\u00e4, FIN<\/td><td>\u00a0<\/td><\/tr><tr><td>\u00a0<\/td><td>31.10.2009<\/td><td>Ristiniemi, Kotka, FIN<\/td><td>\u00a0<\/td><\/tr><tr><td>\u00a0<\/td><td>\u00a0<\/td><td>\u00a0<\/td><td>\u00a0<\/td><\/tr><tr><td>\u00a0<\/td><td>3.10.2008<\/td><td>Asema 9, Kuopio, FIN<\/td><td>\u00a0<\/td><\/tr><tr><td>\u00a0<\/td><td>8.2.2008<\/td><td>Kymigospel, Kotka, FIN<\/td><td>\u00a0<\/td><\/tr><tr><td>\u00a0<\/td><td>\u00a0<\/td><td>\u00a0<\/td><td>\u00a0<\/td><\/tr><tr><td>\u00a0<\/td><td>22.6.2007<\/td><td>Johannesfestari, Saaramaa, FIN<\/td><td>\u00a0<\/td><\/tr><tr><td>\u00a0<\/td><td>30.5.2007<\/td><td>Moporock, Lepp\u00e4virta, FIN<\/td><td>\u00a0<\/td><\/tr><tr><td>\u00a0<\/td><td>26.4.2007<\/td><td>It\u00e4gospel, Helsinki, FIN<\/td><td>\u00a0<\/td><\/tr><tr><td>\u00a0<\/td><td>30.3.2007<\/td><td>Matala kynnys, Kouvola, FIN<\/td><td>\u00a0<\/td><\/tr><tr><td>\u00a0<\/td><td>17.2.2007<\/td><td>Cafe Mooria, Tampere, FIN<\/td><td>\u00a0<\/td><\/tr><tr><td>\u00a0<\/td><td>19.1.2007<\/td><td>Cafe Good Mood, Pieks\u00e4m\u00e4ki, FIN<\/td><td>\u00a0<\/td><\/tr><tr><td>\u00a0<\/td><td>\u00a0<\/td><td>\u00a0<\/td><td>\u00a0<\/td><\/tr><tr><td>\u00a0<\/td><td>8.12.2006<\/td><td>Y\u00f6kahvila Apaja, Tampere, FIN<\/td><td>\u00a0<\/td><\/tr><tr><td>\u00a0<\/td><td>29.9.2006<\/td><td>God&#8217;s Gas Cafe, Helsinki, FIN<\/td><td>\u00a0<\/td><\/tr><tr><td>\u00a0<\/td><td>16.9.2006<\/td><td>Pyht\u00e4\u00e4gospel, Huutj\u00e4rvi, FIN<\/td><td>\u00a0<\/td><\/tr><tr><td>\u00a0<\/td><td>15.9.2006<\/td><td>Langinkosken kirkko, Kotka, FIN<\/td><td>\u00a0<\/td><\/tr><tr><td>\u00a0<\/td><td>29.4.2006<\/td><td>Ristiniemi, Kotka, FIN<\/td><td>\u00a0<\/td><\/tr><tr><td>\u00a0<\/td><td>28.4.2006<\/td><td>It\u00e4gospel, Helsinki, FIN<\/td><td>\u00a0<\/td><\/tr><tr><td>\u00a0<\/td><td>28.1.2006<\/td><td>Kymigospel. Kotka, FIN<\/td><td>\u00a0<\/td><\/tr><tr><td>\u00a0<\/td><td>\u00a0<\/td><td>\u00a0<\/td><td>\u00a0<\/td><\/tr><tr><td>\u00a0<\/td><td>4.11.2005<\/td><td>God&#8217;s Gas Cafe, Helsinki, FIN<\/td><td>\u00a0<\/td><\/tr><tr><td>\u00a0<\/td><td>22.10.2005<\/td><td>Cafe Seed, Helsinki,\u00a0 FIN<\/td><td>\u00a0<\/td><\/tr><tr><td>\u00a0<\/td><td>14.10.2005<\/td><td>Matala Kynnys, Kouvola, FIn<\/td><td>\u00a0<\/td><\/tr><tr><td>\u00a0<\/td><td>10.9.2005<\/td><td>Pieks\u00e4m\u00e4ki, FIn<\/td><td>\u00a0<\/td><\/tr><tr><td>\u00a0<\/td><td>3.9.2005<\/td><td>L\u00e4ht\u00f6laukaus, Oronmylly, FIN<\/td><td>\u00a0<\/td><\/tr><tr><td>\u00a0<\/td><td>7.5.2005<\/td><td>Gospel SM, Keuruu, FIn<\/td><td>\u00a0<\/td><\/tr><tr><td>\u00a0<\/td><td>25.4.2005<\/td><td>Aittakorpi, Kotka, FIN<\/td><td>\u00a0<\/td><\/tr><tr><td>\u00a0<\/td><td>18.3.2005<\/td><td>God&#8217;s Gas, Turku, FIN<\/td><td>\u00a0<\/td><\/tr><tr><td>\u00a0<\/td><td>\u00a0<\/td><td>\u00a0<\/td><td>\u00a0<\/td><\/tr><tr><td>\u00a0<\/td><td>10.12.2004<\/td><td>Nuorten leiri, Kotka, FIN<\/td><td>\u00a0<\/td><\/tr><tr><td>\u00a0<\/td><td>13.11.2004<\/td><td>Ristiniemi, Kotka, FIN<\/td><td>\u00a0<\/td><\/tr><tr><td>\u00a0<\/td><td>29.10.2004<\/td><td>Matala Kynnys, Kouvola, FIN<\/td><td>\u00a0<\/td><\/tr><tr><td>\u00a0<\/td><td>1.10.2004<\/td><td>God&#8217;s Gas Cafe, Helsinki, FIN<\/td><td>\u00a0<\/td><\/tr><tr><td>\u00a0<\/td><td>\u00a0<\/td><td>\u00a0<\/td><td>\u00a0<\/td><\/tr><tr><td>\u00a0<\/td><td>\u00a0<\/td><td>\u00a0<\/td><td>\u00a0<\/td><\/tr><\/tbody><\/table>\t\t\t\t\t\t<\/div>\n\t\t\t\t<\/div>\n\t\t\t\t\t<\/div>\n\t\t<\/div>\n\t\t\t\t\t<\/div>\n\t\t<\/section>\n\t\t\t\t<\/div>","protected":false},"excerpt":{"rendered":"<p>\u00a0 \u00a0 \u00a0DATE: LOCATION: INFO\/TICKETS: \u00a0 \u00a0 \u00a0 \u00a0 COMING:\u00a0 21.11.2025 VeturitallitJyv\u00e4skyl\u00e4, FIN Free entry \u00a0 \u00a0 \u00a0 \u00a0 \u00a0 \u00a0 \u00a0 \u00a0 PAST: 14.2.2025 Club nArauti, Vilnus, LT \u00a0 \u00a0 \u00a0 \u00a0 \u00a0 \u00a0 26.10.2024 Club Republika, Riga, LV \u00a0 \u00a0 \u00a0 \u00a0 \u00a0 \u00a0 11.-13.11 2022 Meltdown retreat UK \u00a0 \u00a0 \u00a0 \u00a0 <a class=\"read-more\" href=\"https:\/\/poltinmerkki.com\/fi\/tour\/\">READ MORE<\/a><\/p>","protected":false},"author":1,"featured_media":0,"parent":0,"menu_order":0,"comment_status":"closed","ping_status":"closed","template":"","meta":{"ngg_post_thumbnail":0,"footnotes":""},"class_list":["post-24","page","type-page","status-publish","hentry"],"_links":{"self":[{"href":"https:\/\/poltinmerkki.com\/fi\/wp-json\/wp\/v2\/pages\/24","targetHints":{"allow":["GET"]}}],"collection":[{"href":"https:\/\/poltinmerkki.com\/fi\/wp-json\/wp\/v2\/pages"}],"about":[{"href":"https:\/\/poltinmerkki.com\/fi\/wp-json\/wp\/v2\/types\/page"}],"author":[{"embeddable":true,"href":"https:\/\/poltinmerkki.com\/fi\/wp-json\/wp\/v2\/users\/1"}],"replies":[{"embeddable":true,"href":"https:\/\/poltinmerkki.com\/fi\/wp-json\/wp\/v2\/comments?post=24"}],"version-history":[{"count":178,"href":"https:\/\/poltinmerkki.com\/fi\/wp-json\/wp\/v2\/pages\/24\/revisions"}],"predecessor-version":[{"id":858,"href":"https:\/\/poltinmerkki.com\/fi\/wp-json\/wp\/v2\/pages\/24\/revisions\/858"}],"wp:attachment":[{"href":"https:\/\/poltinmerkki.com\/fi\/wp-json\/wp\/v2\/media?parent=24"}],"curies":[{"name":"wp","href":"https:\/\/api.w.org\/{rel}","templated":true}]}}