{"id":19,"date":"2022-02-20T17:27:02","date_gmt":"2022-02-20T17:27:02","guid":{"rendered":"https:\/\/poltinmerkki.com\/?page_id=19"},"modified":"2023-06-29T07:45:39","modified_gmt":"2023-06-29T07:45:39","slug":"kokeilu","status":"publish","type":"page","link":"https:\/\/poltinmerkki.com\/fi\/kokeilu\/","title":{"rendered":"YHTYE"},"content":{"rendered":"<div data-elementor-type=\"wp-page\" data-elementor-id=\"19\" class=\"elementor elementor-19\">\n\t\t\t\t\t\t<section class=\"elementor-section elementor-top-section elementor-element elementor-element-170aeb08 elementor-section-boxed elementor-section-height-default elementor-section-height-default\" data-id=\"170aeb08\" data-element_type=\"section\">\n\t\t\t\t\t\t<div class=\"elementor-container elementor-column-gap-default\">\n\t\t\t\t\t<div class=\"elementor-column elementor-col-100 elementor-top-column elementor-element elementor-element-34165b5d\" data-id=\"34165b5d\" data-element_type=\"column\">\n\t\t\t<div class=\"elementor-widget-wrap elementor-element-populated\">\n\t\t\t\t\t\t<div class=\"elementor-element elementor-element-1e59484b elementor-widget elementor-widget-text-editor\" data-id=\"1e59484b\" data-element_type=\"widget\" data-widget_type=\"text-editor.default\">\n\t\t\t\t<div class=\"elementor-widget-container\">\n\t\t\t<style>\/*! elementor - v3.22.0 - 26-06-2024 *\/\n.elementor-widget-text-editor.elementor-drop-cap-view-stacked .elementor-drop-cap{background-color:#69727d;color:#fff}.elementor-widget-text-editor.elementor-drop-cap-view-framed .elementor-drop-cap{color:#69727d;border:3px solid;background-color:transparent}.elementor-widget-text-editor:not(.elementor-drop-cap-view-default) .elementor-drop-cap{margin-top:8px}.elementor-widget-text-editor:not(.elementor-drop-cap-view-default) .elementor-drop-cap-letter{width:1em;height:1em}.elementor-widget-text-editor .elementor-drop-cap{float:left;text-align:center;line-height:1;font-size:50px}.elementor-widget-text-editor .elementor-drop-cap-letter{display:inline-block}<\/style>\t\t\t\t<!-- wp:group -->\n<div class=\"wp-block-group\"><!-- wp:image {\"align\":\"center\",\"id\":49,\"sizeSlug\":\"large\",\"linkDestination\":\"none\"} -->\n<div class=\"wp-block-image\">\n<figure class=\"aligncenter size-large\"><img fetchpriority=\"high\" decoding=\"async\" width=\"1024\" height=\"551\" class=\"wp-image-49\" src=\"https:\/\/poltinmerkki.com\/wp-content\/uploads\/2022\/02\/bandi-1-1024x551.png\" alt=\"\" srcset=\"https:\/\/poltinmerkki.com\/wp-content\/uploads\/2022\/02\/bandi-1-1024x551.png 1024w, https:\/\/poltinmerkki.com\/wp-content\/uploads\/2022\/02\/bandi-1-300x162.png 300w, https:\/\/poltinmerkki.com\/wp-content\/uploads\/2022\/02\/bandi-1-768x414.png 768w, https:\/\/poltinmerkki.com\/wp-content\/uploads\/2022\/02\/bandi-1-1536x827.png 1536w, https:\/\/poltinmerkki.com\/wp-content\/uploads\/2022\/02\/bandi-1-2048x1103.png 2048w, https:\/\/poltinmerkki.com\/wp-content\/uploads\/2022\/02\/bandi-1-1140x614.png 1140w\" sizes=\"(max-width: 1024px) 100vw, 1024px\" \/><\/figure>\n<\/div>\n<!-- \/wp:image --><\/div>\n<!-- \/wp:group --><!-- wp:paragraph {\"align\":\"left\"} -->\n<p class=\"has-text-align-left\">Tervehdys Kotkasta, Suomesta. Me olemme Poltinmerkki ja olemme hyvin otettuja tavatessamme sinut kotisivullamme. Kiitos kun poikkesit! Meid\u00e4n teht\u00e4v\u00e4mme on tarjota sinulle joitakin n\u00e4kyj\u00e4 ja ajatuksia Luojastamme, kaikkivoivasta taivaallisesta Is\u00e4st\u00e4mme rankan ja voimakkaan musiikin keinoin, jossa on havaittavissa industrial-vaikutteita.\u00a0\u00a0<\/p>\n<p>B\u00e4ndin kokoonpano on aikojen saatossa hieman vaihdellut. Nykyinen kokoonpano on: Janne Virtanen (laulu, kitarat), Ari Viren (rummut) ja Ville Viuhko (basso). Lis\u00e4ksi Sauli Paukkonen vahvistaa studio-kokoonpanoamme.<\/p>\n<p>B\u00e4ndi on julkaissut debyytti-albumin \"Askel eteenp\u00e4in\" vuonna 2015 ja t\u00e4m\u00e4n lis\u00e4ksi joitakin singlej\u00e4 ja EP-levyj\u00e4. Vuonna 2023 julkaisemme toisen studio-albumimme: \"Steel Star\".<\/p>\n<p><em>Jokaisella meist\u00e4 on oma taakka kannettavana, omat heikkoudet, oma synti, merkki, jota ei voi h\u00e4vitt\u00e4\u00e4.<\/em><\/p>\n<p>Olkaa siunattuja!<\/p>\n<!-- \/wp:paragraph -->\t\t\t\t\t\t<\/div>\n\t\t\t\t<\/div>\n\t\t\t\t\t<\/div>\n\t\t<\/div>\n\t\t\t\t\t<\/div>\n\t\t<\/section>\n\t\t\t\t<\/div>","protected":false},"excerpt":{"rendered":"<p>Hello from Kotka, Finland! We are Poltinmerkki and we are very pleased to meet you at our homepage. Thank you for a stopping by! Our mission is to provide you some visions and thoughts about our creator, almighty heavenly God by means of a hard, raw and stern rock\/metal music, with industrial-influences.\u00a0\u00a0 The line-up of <a class=\"read-more\" href=\"https:\/\/poltinmerkki.com\/fi\/kokeilu\/\">READ MORE<\/a><\/p>","protected":false},"author":1,"featured_media":0,"parent":0,"menu_order":0,"comment_status":"closed","ping_status":"closed","template":"","meta":{"ngg_post_thumbnail":0,"footnotes":""},"class_list":["post-19","page","type-page","status-publish","hentry"],"_links":{"self":[{"href":"https:\/\/poltinmerkki.com\/fi\/wp-json\/wp\/v2\/pages\/19","targetHints":{"allow":["GET"]}}],"collection":[{"href":"https:\/\/poltinmerkki.com\/fi\/wp-json\/wp\/v2\/pages"}],"about":[{"href":"https:\/\/poltinmerkki.com\/fi\/wp-json\/wp\/v2\/types\/page"}],"author":[{"embeddable":true,"href":"https:\/\/poltinmerkki.com\/fi\/wp-json\/wp\/v2\/users\/1"}],"replies":[{"embeddable":true,"href":"https:\/\/poltinmerkki.com\/fi\/wp-json\/wp\/v2\/comments?post=19"}],"version-history":[{"count":38,"href":"https:\/\/poltinmerkki.com\/fi\/wp-json\/wp\/v2\/pages\/19\/revisions"}],"predecessor-version":[{"id":601,"href":"https:\/\/poltinmerkki.com\/fi\/wp-json\/wp\/v2\/pages\/19\/revisions\/601"}],"wp:attachment":[{"href":"https:\/\/poltinmerkki.com\/fi\/wp-json\/wp\/v2\/media?parent=19"}],"curies":[{"name":"wp","href":"https:\/\/api.w.org\/{rel}","templated":true}]}}